{"id":3377,"date":"2022-02-24T08:32:24","date_gmt":"2022-02-24T07:32:24","guid":{"rendered":"http:\/\/boucles-drome-ardeche.fr\/?page_id=3377"},"modified":"2026-02-25T21:16:23","modified_gmt":"2026-02-25T20:16:23","slug":"liste-engages-ardeche","status":"publish","type":"page","link":"https:\/\/boucles-drome-ardeche.fr\/index.php\/faun-ardeche-classic\/liste-engages-ardeche\/","title":{"rendered":"Liste engag\u00e9s"},"content":{"rendered":"<p>[vc_row][vc_column]<h1 class=\"sc_title sc_title_regular margin_bottom_tiny\"><\/p>\n<p style=\"text-align: center;\">Faun Ard\u00e8che Classic &#8211; Les Engag\u00e9s 2026<\/p>\n<p><\/h1>[vc_single_image image=&#8221;4636&#8243; img_size=&#8221;full&#8221; alignment=&#8221;center&#8221;][vc_empty_space][\/vc_column][\/vc_row][vc_row][vc_column width=&#8221;1\/3&#8243;][\/vc_column][vc_column width=&#8221;1\/3&#8243;][vc_btn title=&#8221;T\u00e9l\u00e9charger la liste des Engag\u00e9s&#8221; style=&#8221;custom&#8221; custom_background=&#8221;#5e5eff&#8221; custom_text=&#8221;#ffffff&#8221; link=&#8221;url:https%3A%2F%2Fboucles-drome-ardeche.fr%2Fwp-content%2Fuploads%2F2026%2F02%2F2026-Ardeche-engages-v2.pdf|||&#8221;][\/vc_column][vc_column width=&#8221;1\/3&#8243;][\/vc_column][\/vc_row]<\/p>\n","protected":false},"excerpt":{"rendered":"<p>[vc_row][vc_column][vc_single_image image=&#8221;4636&#8243; img_size=&#8221;full&#8221; alignment=&#8221;center&#8221;][vc_empty_space][\/vc_column][\/vc_row][vc_row][vc_column width=&#8221;1\/3&#8243;][\/vc_column][vc_column width=&#8221;1\/3&#8243;][vc_btn title=&#8221;T\u00e9l\u00e9charger la liste des Engag\u00e9s&#8221; style=&#8221;custom&#8221; custom_background=&#8221;#5e5eff&#8221; custom_text=&#8221;#ffffff&#8221; link=&#8221;url:https%3A%2F%2Fboucles-drome-ardeche.fr%2Fwp-content%2Fuploads%2F2026%2F02%2F2026-Ardeche-engages-v2.pdf|||&#8221;][\/vc_column][vc_column width=&#8221;1\/3&#8243;][\/vc_column][\/vc_row]<\/p>\n","protected":false},"author":1,"featured_media":0,"parent":4039,"menu_order":0,"comment_status":"closed","ping_status":"closed","template":"","meta":{"footnotes":""},"class_list":["post-3377","page","type-page","status-publish","hentry"],"_links":{"self":[{"href":"https:\/\/boucles-drome-ardeche.fr\/index.php\/wp-json\/wp\/v2\/pages\/3377","targetHints":{"allow":["GET"]}}],"collection":[{"href":"https:\/\/boucles-drome-ardeche.fr\/index.php\/wp-json\/wp\/v2\/pages"}],"about":[{"href":"https:\/\/boucles-drome-ardeche.fr\/index.php\/wp-json\/wp\/v2\/types\/page"}],"author":[{"embeddable":true,"href":"https:\/\/boucles-drome-ardeche.fr\/index.php\/wp-json\/wp\/v2\/users\/1"}],"replies":[{"embeddable":true,"href":"https:\/\/boucles-drome-ardeche.fr\/index.php\/wp-json\/wp\/v2\/comments?post=3377"}],"version-history":[{"count":23,"href":"https:\/\/boucles-drome-ardeche.fr\/index.php\/wp-json\/wp\/v2\/pages\/3377\/revisions"}],"predecessor-version":[{"id":4640,"href":"https:\/\/boucles-drome-ardeche.fr\/index.php\/wp-json\/wp\/v2\/pages\/3377\/revisions\/4640"}],"up":[{"embeddable":true,"href":"https:\/\/boucles-drome-ardeche.fr\/index.php\/wp-json\/wp\/v2\/pages\/4039"}],"wp:attachment":[{"href":"https:\/\/boucles-drome-ardeche.fr\/index.php\/wp-json\/wp\/v2\/media?parent=3377"}],"curies":[{"name":"wp","href":"https:\/\/api.w.org\/{rel}","templated":true}]}}