{"id":36,"date":"2016-03-15T14:56:50","date_gmt":"2016-03-15T14:56:50","guid":{"rendered":"http:\/\/preprod.boucles-drome-ardeche.fr\/?page_id=36"},"modified":"2026-02-13T12:43:55","modified_gmt":"2026-02-13T11:43:55","slug":"home-1","status":"publish","type":"page","link":"https:\/\/boucles-drome-ardeche.fr\/","title":{"rendered":"Home 1"},"content":{"rendered":"<p>[vc_row][vc_column][vc_empty_space][vc_empty_space][vc_empty_space][\/vc_column][\/vc_row][vc_row full_width=&#8221;stretch_row_content_no_spaces&#8221; css=&#8221;.vc_custom_1671651412698{margin-right: 0px !important;margin-left: 0px !important;}&#8221;][vc_column][vc_empty_space][vc_single_image image=&#8221;2057&#8243; img_size=&#8221;800&#215;200&#8243; alignment=&#8221;center&#8221; onclick=&#8221;custom_link&#8221; link=&#8221;https:\/\/boucles-drome-ardeche.fr\/index.php\/faun-ardeche-classic\/&#8221;][vc_empty_space][vc_column_text]<\/p>\n<h4 style=\"text-align: center;\">SAMEDI 28 FEVRIER 2026<\/h4>\n<p>[\/vc_column_text][vc_empty_space]<div class=\"sc_iconseparator \"><div class=\"sc_iconseparator_item\"><span class=\"sc_iconseparator_holder sc_iconseparator_holder_left\"><span class=\"sc_iconseparator_line\"><\/span><\/span><div class=\"sc_iconseparator_element_outer\"><div class=\"sc_iconseparator_element_iner\"><span class=\"icon-down\" style=\"font-weight:100;font-size:3.3em; line-height: em;color:#666769;\"><\/span><\/div><\/div><span class=\"sc_iconseparator_holder sc_iconseparator_holder_right\"><span class=\"sc_iconseparator_line\"><\/span><\/span><\/div><\/div><div id=\"home_col_01\" class=\"columns_wrap sc_columns columns_fluid sc_columns_count_5\"><div class=\"column-1_5 sc_column_item sc_column_item_1 odd first\"><a href=\"https:\/\/boucles-drome-ardeche.fr\/index.php\/faun-ardeche-classic\/parcours-ardeche\/\" class=\"sc_icon icon-trx-flag86 aligncenter\" style=\"font-weight:400;font-size:100px; line-height: 1em;\"><\/a>[vc_empty_space height=&#8221;10px&#8221;][vc_column_text]<\/p>\n<h4 style=\"text-align: center;\"><a href=\"https:\/\/boucles-drome-ardeche.fr\/index.php\/faun-ardeche-classic\/parcours-ardeche\/\">PARCOURS<\/a><\/h4>\n<p>[\/vc_column_text]<\/div><div class=\"column-1_5 sc_column_item sc_column_item_2 even\"><a href=\"https:\/\/boucles-drome-ardeche.fr\/index.php\/faun-ardeche-classic\/equipes-ardeche\/\" class=\"sc_icon icon-t-shirt-light aligncenter\" style=\"font-weight:400;font-size:100px; line-height: 1em;\"><\/a>[vc_empty_space height=&#8221;10px&#8221;][vc_column_text]<\/p>\n<h4 style=\"text-align: center;\"><a href=\"https:\/\/boucles-drome-ardeche.fr\/index.php\/faun-ardeche-classic\/equipes-ardeche\/\">\u00c9QUIPES<\/a><\/h4>\n<p>[\/vc_column_text]<\/div><div class=\"column-1_5 sc_column_item sc_column_item_3 odd\"><a href=\"https:\/\/boucles-drome-ardeche.fr\/index.php\/faun-ardeche-classic\/liste-engages-ardeche\/\" class=\"sc_icon icon-mobile aligncenter\" style=\"font-weight:400;font-size:100px; line-height: 1em;\"><\/a>[vc_empty_space height=&#8221;10px&#8221;][vc_column_text]<\/p>\n<h4 style=\"text-align: center;\"><a href=\"https:\/\/boucles-drome-ardeche.fr\/index.php\/faun-drome-classic\/liste-engages\/\">ENGAG\u00c9S<\/a><\/h4>\n<p>[\/vc_column_text]<\/div><div class=\"column-1_5 sc_column_item sc_column_item_4 even\"><a href=\"https:\/\/boucles-drome-ardeche.fr\/index.php\/faun-ardeche-classic\/resultats-palmares\/\" class=\"sc_icon icon-note-light aligncenter\" style=\"font-weight:400;font-size:100px; line-height: 1em;\"><\/a>[vc_empty_space height=&#8221;10px&#8221;][vc_column_text]<\/p>\n<h4 style=\"text-align: center;\"><a href=\"https:\/\/boucles-drome-ardeche.fr\/index.php\/faun-ardeche-classic\/resultats-palmares\/\">R\u00c9SULTATS<\/a><\/h4>\n<p>[\/vc_column_text]<\/div><div class=\"column-1_5 sc_column_item sc_column_item_5 odd\"><a href=\"https:\/\/boucles-drome-ardeche.fr\/index.php\/faun-ardeche-classic\/photos\/\" class=\"sc_icon icon-photo-light aligncenter\" style=\"font-weight:400;font-size:100px; line-height: 1em;\"><\/a>[vc_empty_space height=&#8221;10px&#8221;][vc_column_text]<\/p>\n<h4><\/h4>\n<h4 style=\"text-align: center;\"><a href=\"https:\/\/boucles-drome-ardeche.fr\/index.php\/faun-ardeche-classic\/liste-engages-ardeche\/\">PHOTOS<\/a><\/h4>\n<p>[\/vc_column_text]<\/div><\/div>[vc_empty_space height=&#8221;200px&#8221;][vc_separator border_width=&#8221;4&#8243;][vc_empty_space][vc_single_image image=&#8221;3233&#8243; img_size=&#8221;800&#215;200&#8243; alignment=&#8221;center&#8221; onclick=&#8221;custom_link&#8221; link=&#8221;https:\/\/boucles-drome-ardeche.fr\/index.php\/faun-drome-classic\/&#8221;][vc_empty_space][vc_column_text el_class=&#8221;crtext&#8221;]<\/p>\n<h4 style=\"text-align: center; font-style: bold; color: #9c9da1 !important;\"><span style=\"color: #000000;\"><strong>DIMANCHE 1 MARS 2026<\/strong><\/span><\/h4>\n<p>[\/vc_column_text][vc_empty_space]<div class=\"sc_iconseparator \"><div class=\"sc_iconseparator_item\"><span class=\"sc_iconseparator_holder sc_iconseparator_holder_left\"><span class=\"sc_iconseparator_line\"><\/span><\/span><div class=\"sc_iconseparator_element_outer\"><div class=\"sc_iconseparator_element_iner\"><span class=\"icon-down\" style=\"font-weight:100;font-size:3.3em; line-height: em;color:#666769;\"><\/span><\/div><\/div><span class=\"sc_iconseparator_holder sc_iconseparator_holder_right\"><span class=\"sc_iconseparator_line\"><\/span><\/span><\/div><\/div><div id=\"home_col_02\" class=\"columns_wrap sc_columns columns_fluid sc_columns_count_5\"><div class=\"column-1_5 sc_column_item sc_column_item_1 odd first\"><a href=\"https:\/\/boucles-drome-ardeche.fr\/index.php\/faun-drome-classic\/parcours-drome\/\" class=\"sc_icon icon-trx-flag86 aligncenter\" style=\"font-weight:400;font-size:100px; line-height: 1em;\"><\/a>[vc_empty_space height=&#8221;10px&#8221;][vc_column_text]<\/p>\n<h4 style=\"text-align: center;\"><a href=\"https:\/\/boucles-drome-ardeche.fr\/index.php\/faun-drome-classic-1\/parcours\/\">PARCOURS<\/a><\/h4>\n<p>[\/vc_column_text]<\/div><div class=\"column-1_5 sc_column_item sc_column_item_2 even\"><a href=\"https:\/\/boucles-drome-ardeche.fr\/index.php\/faun-drome-classic\/equipes-drome\/\" class=\"sc_icon icon-t-shirt-light aligncenter\" style=\"font-weight:400;font-size:100px; line-height: 1em;\"><\/a>[vc_empty_space height=&#8221;10px&#8221;][vc_column_text]<\/p>\n<h4 style=\"text-align: center;\"><a href=\"https:\/\/boucles-drome-ardeche.fr\/index.php\/faun-drome-classic\/equipes-drome\/\">\u00c9QUIPES<\/a><\/h4>\n<p>[\/vc_column_text]<\/div><div class=\"column-1_5 sc_column_item sc_column_item_3 odd\"><a href=\"https:\/\/boucles-drome-ardeche.fr\/index.php\/faun-drome-classic\/liste-engages-drome\/\" class=\"sc_icon icon-mobile aligncenter\" style=\"font-weight:400;font-size:100px; line-height: 1em;\"><\/a>[vc_empty_space height=&#8221;10px&#8221;][vc_column_text]<\/p>\n<h4 style=\"text-align: center;\"><a href=\"https:\/\/boucles-drome-ardeche.fr\/index.php\/faun-drome-classic\/liste-engages-drome\/\">ENGAG\u00c9S<\/a><\/h4>\n<p>[\/vc_column_text]<\/div><div class=\"column-1_5 sc_column_item sc_column_item_4 even\"><a href=\"https:\/\/boucles-drome-ardeche.fr\/index.php\/faun-drome-classic\/resultats-palmares-drome\/\" class=\"sc_icon icon-note-light aligncenter\" style=\"font-weight:400;font-size:100px; line-height: 1em;\"><\/a>[vc_empty_space height=&#8221;10px&#8221;][vc_column_text]<\/p>\n<h4 style=\"text-align: center;\"><a href=\"https:\/\/boucles-drome-ardeche.fr\/index.php\/faun-drome-classic\/resultats-palmares-drome\/\">R\u00c9SULTATS<\/a><\/h4>\n<p>[\/vc_column_text]<\/div><div class=\"column-1_5 sc_column_item sc_column_item_5 odd\"><a href=\"https:\/\/boucles-drome-ardeche.fr\/index.php\/faun-drome-classic\/photos-drome\/\" class=\"sc_icon icon-photo-light aligncenter\" style=\"font-weight:400;font-size:100px; line-height: 1em;\"><\/a>[vc_empty_space height=&#8221;10px&#8221;][vc_column_text]<\/p>\n<h4><\/h4>\n<h4 style=\"text-align: center;\"><a href=\"https:\/\/boucles-drome-ardeche.fr\/index.php\/faun-drome-classic\/photos-drome\/\">PHOTOS<\/a><\/h4>\n<p>[\/vc_column_text]<\/div><\/div>[vc_empty_space height=&#8221;150px&#8221;][\/vc_column][\/vc_row][vc_row full_width=&#8221;stretch_row&#8221; css=&#8221;.vc_custom_1461492701247{background-color: #f7f8fc !important;}&#8221;][vc_column][vc_column_text]<\/p>\n<div>\n<h1 style=\"text-align: center;\"><span style=\"font-size: large;\">Les Boucles Dr\u00f4me Ard\u00e8che sont de retour, port\u00e9es par l\u2019h\u00e9ritage<br \/>\ndes Championnats d\u2019Europe !<\/span><\/h1>\n<p>Apr\u00e8s des Champion\u00adnats d\u2019Europe 2025 extraordinaires, qui ont marqu\u00e9 les esprits par leur intensit\u00e9 sportive et une ferveur populaire exceptionnelle, les Boucles Dr\u00f4me Ard\u00e8che reviennent en 2026 avec une ambition renouvel\u00e9e.<\/p>\n<p>Fid\u00e8le \u00e0 cet h\u00e9ritage, la Faun Ard\u00e8che Classic empruntera le samedi 28 f\u00e9vrier les deux \u201cMont\u00e9es mythiques\u201d de la Communaut\u00e9 de communes Rh\u00f4ne-Crussol : le redoutable Val d\u2019Enfer et le spectaculaire Mur des Royes (Mur de Cornas). Comme sur les Championnats d\u2019Europe et pour la premi\u00e8re fois sur la Faun Ard\u00e8che Classic, le terrible Mur de Costebelle \u00e0 Saint-P\u00e9ray int\u00e9grera le parcours. Il sera gravi \u00e0 deux reprises par les coureurs : une double dose de bonheur pour les suiveurs.<\/p>\n<p>Le spectacle se poursuivra dimanche 1\u1d49\u02b3 mars avec la Faun Dr\u00f4me Classic, dont le parcours, toujours aussi dynamique, promet une course ouverte et riche en rebondissements.<\/p>\n<p>Deux jours intenses, deux courses devenues indispensables au calendrier, et un plateau de plus en plus prestigieux qui confirme l\u2019attractivit\u00e9 croissante des Boucles Dr\u00f4me Ard\u00e8che. Pour cette 26\u1d49 \u00e9dition, les meilleures \u00e9quipes du monde seront une nouvelle fois pr\u00e9sentes, affirmant la place incontournable de l\u2019\u00e9v\u00e9nement en d\u00e9but de saison.<\/p>\n<p>Parmi les coureurs, le public retrouvera Paul Seixas, m\u00e9daill\u00e9 de bronze et d\u00e9tenteur du record de temps sur la mont\u00e9e du Val d\u2019Enfer lors des Championnats d\u2019Europe. Parviendra-t-il encore \u00e0 affoler les compteurs et \u00e0 viser, cette fois, la plus haute marche du podium ?<\/p>\n<p>Rendez-vous les 28 f\u00e9vrier et 1\u1d49\u02b3 mars 2026 pour vivre \u00e0 nouveau de grandes \u00e9motions cyclistes au c\u0153ur des paysages uniques de la Dr\u00f4me et de l\u2019Ard\u00e8che !<\/p>\n<\/div>\n<p>[\/vc_column_text][vc_empty_space height=&#8221;150px&#8221;]<div class=\"sc_iconseparator \"><div class=\"sc_iconseparator_item\"><span class=\"sc_iconseparator_holder sc_iconseparator_holder_left\"><span class=\"sc_iconseparator_line\"><\/span><\/span><div class=\"sc_iconseparator_element_outer\"><div class=\"sc_iconseparator_element_iner\"><span class=\"icon-quote\" style=\"font-weight:100;font-size:2em; line-height: em;\"><\/span><\/div><\/div><span class=\"sc_iconseparator_holder sc_iconseparator_holder_right\"><span class=\"sc_iconseparator_line\"><\/span><\/span><\/div><\/div><div id=\"sc_testimonials_1862122708\" class=\"sc_testimonials sc_testimonials_style_testimonials-1  aligncenter\" style=\"width:100%;\"><div class=\"sc_slider_swiper swiper-slider-container sc_slider_nopagination sc_slider_nocontrols sc_slider_height_auto\" data-interval=\"6432\" data-slides-min-width=\"250\"><div class=\"slides swiper-wrapper\"><div class=\"swiper-slide\" data-style=\"width:100%;\" style=\"width:100%;\">\t\t\t<div id=\"sc_testimonials_1862122708_1\" class=\"sc_testimonial_item\">\n\t\t\t\t<div class=\"sc_testimonial_content\"><p>Les Boucles ce sont les routes les plus touristiques de l'Ard\u00e8che. J'ai toujours pu y trouver un terrain de jeu \u00e0 ma convenance, en ayant une bonne forme donc forc\u00e9ment je n'y ai que des bons souvenirs. C'est devenu un passage oblig\u00e9 de ma saison.<\/p>\n<\/div>\n\t\t\t\t\t\t\t\t\t\t\t\t<div class=\"sc_testimonial_author\"><a href=\"#\" class=\"sc_testimonial_author_name\">Lilian Calmejane<\/a><span class=\"sc_testimonial_author_position\">Vainqueur en 2018 et 2019<\/span><\/div>\n\t\t\t\t\t\t\t<\/div>\n\t\t<\/div><div class=\"swiper-slide\" data-style=\"width:100%;\" style=\"width:100%;\">\t\t\t<div id=\"sc_testimonials_1862122708_2\" class=\"sc_testimonial_item\">\n\t\t\t\t<div class=\"sc_testimonial_content\"><p>C'est un grand plaisir de courir ici. Ce sont les courses les plus proches de la maison. J'ai toujours envie de bien faire. On a beaucoup de Dr\u00f4mois dans l'\u00e9quipe et on se sent tr\u00e8s soutenus. J'aime ces circuits et je prends du plaisir.<\/p>\n<\/div>\n\t\t\t\t\t\t\t\t\t\t\t\t<div class=\"sc_testimonial_author\"><a href=\"#\" class=\"sc_testimonial_author_name\">Romain Bardet<\/a><span class=\"sc_testimonial_author_position\">Vainqueur en 2018<\/span><\/div>\n\t\t\t\t\t\t\t<\/div>\n\t\t<\/div><\/div><div class=\"sc_slider_controls_wrap\"><a class=\"sc_slider_prev\" href=\"#\"><\/a><a class=\"sc_slider_next\" href=\"#\"><\/a><\/div><div class=\"sc_slider_pagination_wrap\"><\/div><\/div><\/div>[vc_empty_space height=&#8221;50px&#8221;][\/vc_column][\/vc_row][vc_row][vc_column][vc_empty_space][\/vc_column][\/vc_row][vc_row][vc_column][vc_empty_space height=&#8221;50px&#8221;][vc_images_carousel images=&#8221;3858,3584,4536,3276,3788,3275,4118,2269,4121,4339,2267,3286,3073,2731,2270,3234,3079,3076,4295,3819,3068,4126,3066,3270,3072,3278,3310,3303&#8243; img_size=&#8221;full&#8221; onclick=&#8221;custom_link&#8221; custom_links_target=&#8221;_blank&#8221; speed=&#8221;4000&#8243; slides_per_view=&#8221;6&#8243; autoplay=&#8221;yes&#8221; hide_pagination_control=&#8221;yes&#8221; hide_prev_next_buttons=&#8221;yes&#8221; wrap=&#8221;yes&#8221; css=&#8221;.vc_custom_1768724384024{padding-right: 0px !important;padding-left: 0px !important;}&#8221; custom_links=&#8221;#E-8_aHR0cCUzQSUyRiUyRmZhdW4tZW52aXJvbm5lbWVudC5mciUyRiUyQ2h0dHBzJTNBJTJGJTJGd3d3LnNrb2RhLmZyJTJGJTJDaHR0cHMlM0ElMkYlMkZ3d3cuZm1sb2dpc3RpYy5mciUyRiUyQ2h0dHAlM0ElMkYlMkZ3d3cuZ3JvdXBlLXZpbmNlbnQuZnIlMkYlMkNodHRwcyUzQSUyRiUyRnd3dy5jcmVkaXRtdXR1ZWwuZnIlMkZob21lJTJGaW5kZXguaHRtbCUyQ2h0dHAlM0ElMkYlMkZ3d3cucGFsZmluZ2VyLmZyJTJGJTJDaHR0cHMlM0ElMkYlMkZ3d3cuYm9wbGFuLmNvbSUyRmZyJTJGYm9wbGFuLXNwb3J0JTJDaHR0cCUzQSUyRiUyRnd3dy5mZXJyZWlyYS1iYXRpbWVudC5mciUyRiUyQ2h0dHBzJTNBJTJGJTJGaW50LnZpdHRvcmlhLmNvbSUyRiUyQ2h0dHBzJTNBJTJGJTJGd3d3LmF1dmVyZ25lcmhvbmVhbHBlcy5mciUyRiUyQ2h0dHBzJTNBJTJGJTJGd3d3LmxhZHJvbWUuZnIlMkYlMkNodHRwJTNBJTJGJTJGd3d3LmFyZGVjaGUuZnIlMkYlMkNodHRwcyUzQSUyRiUyRnd3dy5tYWlyaWUtYWxsZXguZnIlMkYlMkNodHRwJTNBJTJGJTJGd3d3LnJob25lY3J1c3NvbC5mciUyRiUyQ2h0dHAlM0ElMkYlMkZ3d3cuZ3VpbGhlcmFuZC1ncmFuZ2VzLmZyJTJGJTJDaHR0cHMlM0ElMkYlMkZ3d3cuZXRvaWxlc3VycmhvbmUuZnIlMkYlMkNodHRwcyUzQSUyRiUyRnd3dy52YWxlbmNlLmZyJTJGZnIlMkZpbmRleC5odG1sJTJDaHR0cHMlM0ElMkYlMkZ3d3cuc3QtcGVyYXkuY29tJTJGJTJDaHR0cHMlM0ElMkYlMkZ3d3cuY2hhbXBpcy5mciUyRiUyQ2h0dHBzJTNBJTJGJTJGd3d3LmxlZGF1cGhpbmUuY29tJTJGJTJDaHR0cHMlM0ElMkYlMkZsaXZlLmxlcXVpcGUuZnIlMkZsYWNoYWluZWxlcXVpcGUlMkYlMkNodHRwcyUzQSUyRiUyRnd3dy5mcmFuY2VibGV1LmZyJTJGcmFkaW8lMkZkcm9tZS1hcmRlY2hlJTJDaHR0cHMlM0ElMkYlMkZ3d3cuaW5leHRlbnNvLmZyJTJGJTJDaHR0cHMlM0ElMkYlMkZvdXRpbHNlcnZpY2VzLmNvbSUyRiUyQ2h0dHAlM0ElMkYlMkZtMml0LmZyJTJDaHR0cHMlM0ElMkYlMkZ3d3cuaGFyaWJvLmNvbSUyRmZyLWZyJTJDaHR0cHMlM0ElMkYlMkZ3d3cuc3BlY2lhbGl6ZWQuY29tJTJGZnIlMkZmciUyRiUyQ2h0dHBzJTNBJTJGJTJGd3d3LnBhc3F1aWVyLmZyJTJGJTJDJTJDJTJD&#8221;][\/vc_column][\/vc_row]<\/p>\n","protected":false},"excerpt":{"rendered":"<p>[vc_row][vc_column][vc_empty_space][vc_empty_space][vc_empty_space][\/vc_column][\/vc_row][vc_row full_width=&#8221;stretch_row_content_no_spaces&#8221; css=&#8221;.vc_custom_1671651412698{margin-right: 0px !important;margin-left: 0px !important;}&#8221;][vc_column][vc_empty_space][vc_single_image image=&#8221;2057&#8243; img_size=&#8221;800&#215;200&#8243; alignment=&#8221;center&#8221; onclick=&#8221;custom_link&#8221; link=&#8221;https:\/\/boucles-drome-ardeche.fr\/index.php\/faun-ardeche-classic\/&#8221;][vc_empty_space][vc_column_text] SAMEDI 28 FEVRIER 2026 [\/vc_column_text][vc_empty_space][vc_empty_space height=&#8221;200px&#8221;][vc_separator border_width=&#8221;4&#8243;][vc_empty_space][vc_single_image image=&#8221;3233&#8243; img_size=&#8221;800&#215;200&#8243; alignment=&#8221;center&#8221; onclick=&#8221;custom_link&#8221; link=&#8221;https:\/\/boucles-drome-ardeche.fr\/index.php\/faun-drome-classic\/&#8221;][vc_empty_space][vc_column_text el_class=&#8221;crtext&#8221;] DIMANCHE 1 MARS 2026 [\/vc_column_text][vc_empty_space][vc_empty_space height=&#8221;150px&#8221;][\/vc_column][\/vc_row][vc_row full_width=&#8221;stretch_row&#8221; css=&#8221;.vc_custom_1461492701247{background-color: #f7f8fc !important;}&#8221;][vc_column][vc_column_text] Les Boucles Dr\u00f4me Ard\u00e8che sont de retour, port\u00e9es par l\u2019h\u00e9ritage des Championnats d\u2019Europe ! Apr\u00e8s des Champion\u00adnats d\u2019Europe 2025 extraordinaires, [&hellip;]<\/p>\n","protected":false},"author":1,"featured_media":0,"parent":0,"menu_order":0,"comment_status":"closed","ping_status":"closed","template":"","meta":{"footnotes":""},"class_list":["post-36","page","type-page","status-publish","hentry"],"_links":{"self":[{"href":"https:\/\/boucles-drome-ardeche.fr\/index.php\/wp-json\/wp\/v2\/pages\/36","targetHints":{"allow":["GET"]}}],"collection":[{"href":"https:\/\/boucles-drome-ardeche.fr\/index.php\/wp-json\/wp\/v2\/pages"}],"about":[{"href":"https:\/\/boucles-drome-ardeche.fr\/index.php\/wp-json\/wp\/v2\/types\/page"}],"author":[{"embeddable":true,"href":"https:\/\/boucles-drome-ardeche.fr\/index.php\/wp-json\/wp\/v2\/users\/1"}],"replies":[{"embeddable":true,"href":"https:\/\/boucles-drome-ardeche.fr\/index.php\/wp-json\/wp\/v2\/comments?post=36"}],"version-history":[{"count":201,"href":"https:\/\/boucles-drome-ardeche.fr\/index.php\/wp-json\/wp\/v2\/pages\/36\/revisions"}],"predecessor-version":[{"id":4598,"href":"https:\/\/boucles-drome-ardeche.fr\/index.php\/wp-json\/wp\/v2\/pages\/36\/revisions\/4598"}],"wp:attachment":[{"href":"https:\/\/boucles-drome-ardeche.fr\/index.php\/wp-json\/wp\/v2\/media?parent=36"}],"curies":[{"name":"wp","href":"https:\/\/api.w.org\/{rel}","templated":true}]}}