{"id":4039,"date":"2025-01-21T07:39:18","date_gmt":"2025-01-21T06:39:18","guid":{"rendered":"https:\/\/boucles-drome-ardeche.fr\/?page_id=4039"},"modified":"2025-12-19T09:00:29","modified_gmt":"2025-12-19T08:00:29","slug":"faun-ardeche-classic","status":"publish","type":"page","link":"https:\/\/boucles-drome-ardeche.fr\/index.php\/faun-ardeche-classic\/","title":{"rendered":"FAUN ARD\u00c8CHE CLASSIC"},"content":{"rendered":"<p>[vc_row][vc_column]<h1 class=\"sc_title sc_title_regular\"><\/p>\n<p style=\"text-align: center;\">La course<\/p>\n<p><\/h1>[\/vc_column][\/vc_row][vc_row][vc_column][vc_column_text]Apr\u00e8s le succ\u00e8s retentissant des Championnats d\u2019Europe, la <strong>Faun <\/strong><strong>Ard\u00e8che Classic<\/strong> signe son grand retour. La 26\u1d49 \u00e9dition s\u2019\u00e9lancera <strong>samedi 28 f\u00e9vrier 2026<\/strong>, avec un d\u00e9part et une arriv\u00e9e \u00e0 <strong>Guilherand-Granges<\/strong>, au c\u0153ur d\u2019un territoire devenu incontournable pour le cyclisme de haut niveau.<br \/>\nCette ann\u00e9e, les coureurs devront affronter un parcours encore plus exigeant, directement inspir\u00e9 du final de la course en ligne des Championnats d\u2019Europe.<br \/>\nAu programme, les deux \u201cMont\u00e9es mythiques\u201d de la communaut\u00e9 de communes <strong>Rh\u00f4ne-Crussol<\/strong> \u2013 <strong>le Val d\u2019Enfer<\/strong>, d\u00e9sormais gravi \u00e0 quatre reprises, et <strong>le Mur des Royes<\/strong> (Mur\u00a0 de Cornas) \u2013 mais aussi une grande nouveaut\u00e9 : <strong>le Mur de Costebelle<\/strong>, dans les rues de <strong>Saint-P\u00e9ray<\/strong>, \u00e0 parcourir deux fois.<br \/>\nAvec ses <strong>188 km<\/strong> et ses <strong>3 350 m\u00e8tres<\/strong> de d\u00e9nivel\u00e9 positif, ce trac\u00e9 spectaculaire promet un affrontement intense et s\u00e9lectif, sous les encouragements d\u2019une foule toujours plus nombreuse chaque ann\u00e9e.<\/p>\n<h4><strong>Un palmar\u00e8s prestigieux<\/strong><\/h4>\n<p>Ann\u00e9e apr\u00e8s ann\u00e9e, la <strong>Faun Ard\u00e8che Classic<\/strong> s\u2019est impos\u00e9e comme l\u2019une des classiques les plus exigeantes du d\u00e9but de saison, r\u00e9v\u00e9lant les plus grands talents du cyclisme mondial.<br \/>\nParmi ses vainqueurs figurent ainsi <strong>Romain Bardet<\/strong> (2014, 2018), <strong>Julian Alaphilippe<\/strong> (2023) mais aussi derni\u00e8rement <strong>Juan Ayuso<\/strong> (2024) et <strong>Romain Gr\u00e9goire<\/strong> (2025), deux des plus grands talents mondiaux de leur g\u00e9n\u00e9ration.<br \/>\nEn 2026, le plateau s\u2019annonce une nouvelle fois exceptionnel, r\u00e9unissant grimpeurs et puncheurs parmi les plus en vue du peloton international, tous d\u00e9termin\u00e9s \u00e0 inscrire leur nom au palmar\u00e8s de cette classique embl\u00e9matique.<br \/>\nLe prodige fran\u00e7ais <strong>Paul Seixas<\/strong>, m\u00e9daill\u00e9 de bronze aux <strong>Championnats d\u2019Europe<\/strong> et auteur du meilleur temps dans le Val d\u2019Enfer, sera au d\u00e9part, pr\u00eat \u00e0 repousser encore ses limites.<\/p>\n<h4><strong>Une diffusion exceptionnelle<\/strong><\/h4>\n<p>La <strong>Faun Ard\u00e8che Classic<\/strong> b\u00e9n\u00e9ficiera d\u2019une diffusion en clair et en direct sur <strong>La Cha\u00eene L\u2019\u00c9quipe<\/strong> (canal 21), avec une prise d\u2019antenne \u00e0 13h30.<br \/>\nUn dispositif technique d\u2019envergure \u2013 h\u00e9licopt\u00e8res, motos, avion-relais \u2013 permettra aux t\u00e9l\u00e9spectateurs de suivre chaque moment cl\u00e9 de la course tout en admirant les paysages grandioses de l\u2019Ard\u00e8che.<\/p>\n<h4><strong>Bonne course \u00e0 toutes et \u00e0 tous !<\/strong><\/h4>\n<p>[\/vc_column_text][vc_empty_space][\/vc_column][\/vc_row][vc_row][vc_column][vc_empty_space][vc_empty_space][\/vc_column][\/vc_row][vc_row][vc_column][vc_empty_space][\/vc_column][\/vc_row]<\/p>\n","protected":false},"excerpt":{"rendered":"<p>[vc_row][vc_column][\/vc_column][\/vc_row][vc_row][vc_column][vc_column_text]Apr\u00e8s le succ\u00e8s retentissant des Championnats d\u2019Europe, la Faun Ard\u00e8che Classic signe son grand retour. La 26\u1d49 \u00e9dition s\u2019\u00e9lancera samedi 28 f\u00e9vrier 2026, avec un d\u00e9part et une arriv\u00e9e \u00e0 Guilherand-Granges, au c\u0153ur d\u2019un territoire devenu incontournable pour le cyclisme de haut niveau. Cette ann\u00e9e, les coureurs devront affronter un parcours encore plus exigeant, directement [&hellip;]<\/p>\n","protected":false},"author":1,"featured_media":0,"parent":0,"menu_order":0,"comment_status":"closed","ping_status":"closed","template":"","meta":{"footnotes":""},"class_list":["post-4039","page","type-page","status-publish","hentry"],"_links":{"self":[{"href":"https:\/\/boucles-drome-ardeche.fr\/index.php\/wp-json\/wp\/v2\/pages\/4039","targetHints":{"allow":["GET"]}}],"collection":[{"href":"https:\/\/boucles-drome-ardeche.fr\/index.php\/wp-json\/wp\/v2\/pages"}],"about":[{"href":"https:\/\/boucles-drome-ardeche.fr\/index.php\/wp-json\/wp\/v2\/types\/page"}],"author":[{"embeddable":true,"href":"https:\/\/boucles-drome-ardeche.fr\/index.php\/wp-json\/wp\/v2\/users\/1"}],"replies":[{"embeddable":true,"href":"https:\/\/boucles-drome-ardeche.fr\/index.php\/wp-json\/wp\/v2\/comments?post=4039"}],"version-history":[{"count":5,"href":"https:\/\/boucles-drome-ardeche.fr\/index.php\/wp-json\/wp\/v2\/pages\/4039\/revisions"}],"predecessor-version":[{"id":4436,"href":"https:\/\/boucles-drome-ardeche.fr\/index.php\/wp-json\/wp\/v2\/pages\/4039\/revisions\/4436"}],"wp:attachment":[{"href":"https:\/\/boucles-drome-ardeche.fr\/index.php\/wp-json\/wp\/v2\/media?parent=4039"}],"curies":[{"name":"wp","href":"https:\/\/api.w.org\/{rel}","templated":true}]}}