{"id":4043,"date":"2025-01-21T07:44:49","date_gmt":"2025-01-21T06:44:49","guid":{"rendered":"https:\/\/boucles-drome-ardeche.fr\/?page_id=4043"},"modified":"2025-12-19T09:07:46","modified_gmt":"2025-12-19T08:07:46","slug":"faun-drome-classic","status":"publish","type":"page","link":"https:\/\/boucles-drome-ardeche.fr\/index.php\/faun-drome-classic\/","title":{"rendered":"FAUN DR\u00d4ME CLASSIC"},"content":{"rendered":"<p>[vc_row][vc_column]<h1 class=\"sc_title sc_title_regular\"><\/p>\n<p style=\"text-align: center;\">La course<\/p>\n<p><\/h1>[vc_empty_space][\/vc_column][\/vc_row][vc_row][vc_column][vc_column_text]Le <strong>dimanche 1\u1d49\u02b3 mars 2026<\/strong>,<strong> la Faun Dr\u00f4me Classic<\/strong> f\u00eatera sa 15\u1d49 \u00e9dition, avec un d\u00e9part et une arriv\u00e9e \u00e0 <strong>\u00c9toile-sur-Rh\u00f4ne<\/strong>. Long de <strong>189 km<\/strong> et cumulant <strong>2 400 m\u00e8tres<\/strong> de d\u00e9nivel\u00e9 positif, ce trac\u00e9 dynamique et exigeant entra\u00eenera les coureurs sur les routes sinueuses et les villages perch\u00e9s embl\u00e9matiques de la Dr\u00f4me.<br \/>\nParmi les passages les plus attendus figure le d\u00e9sormais incontournable<strong> mur d\u2019Allex<\/strong>, aussi redout\u00e9 des coureurs qu\u2019ador\u00e9 du public. Ses pentes irr\u00e9guli\u00e8res en font un lieu strat\u00e9gique, id\u00e9al pour les attaques et les coups de force.<br \/>\nApr\u00e8s une \u00e9dition 2025 spectaculaire, la <strong>Faun Dr\u00f4me Classic<\/strong> est cette ann\u00e9e encore un moment cl\u00e9 du d\u00e9but de saison, offrant aux coureurs un terrain id\u00e9al pour exprimer leur explosivit\u00e9 et leur sens de la course.<\/p>\n<h4>Un palmar\u00e8s marqu\u00e9 par les champions<\/h4>\n<p>Depuis sa cr\u00e9ation, la <strong>Faun Dr\u00f4me Classic<\/strong> a couronn\u00e9 des coureurs parmi les plus talentueux du peloton mondial : <strong>Romain Bardet<\/strong> (2014), J<strong>onas Vingegaard<\/strong> (2022) ou encore <strong>Juan Ayuso<\/strong> (2025).<br \/>\nEn 2026, le plateau s\u2019annonce une nouvelle fois tr\u00e8s relev\u00e9, avec les meilleurs coureurs internationaux pr\u00eats \u00e0 affronter les reliefs dr\u00f4mois pour inscrire leur nom \u00e0 ce palmar\u00e8s prestigieux.<\/p>\n<h4>Une diffusion exceptionnelle<\/h4>\n<p>La<strong> Faun Dr\u00f4me Classic<\/strong> sera diffus\u00e9e en clair et en direct sur <strong>La Cha\u00eene L\u2019\u00c9quipe<\/strong> (canal 21), avec une prise d\u2019antenne \u00e0 13h30.<br \/>\nGr\u00e2ce \u00e0 un dispositif audiovisuel d\u2019envergure \u2013 h\u00e9licopt\u00e8res, motos, avion-relais \u2013 les t\u00e9l\u00e9spectateurs pourront suivre tous les moments forts de la course et d\u00e9couvrir la beaut\u00e9 des paysages dr\u00f4mois.<\/p>\n<h4>Bonne course \u00e0 toutes et \u00e0 tous !<\/h4>\n<p>[\/vc_column_text][vc_empty_space][\/vc_column][\/vc_row][vc_row][vc_column][vc_empty_space][vc_empty_space][\/vc_column][\/vc_row][vc_row][vc_column][vc_column_text][\/vc_column_text][\/vc_column][\/vc_row]<\/p>\n","protected":false},"excerpt":{"rendered":"<p>[vc_row][vc_column][vc_empty_space][\/vc_column][\/vc_row][vc_row][vc_column][vc_column_text]Le dimanche 1\u1d49\u02b3 mars 2026, la Faun Dr\u00f4me Classic f\u00eatera sa 15\u1d49 \u00e9dition, avec un d\u00e9part et une arriv\u00e9e \u00e0 \u00c9toile-sur-Rh\u00f4ne. Long de 189 km et cumulant 2 400 m\u00e8tres de d\u00e9nivel\u00e9 positif, ce trac\u00e9 dynamique et exigeant entra\u00eenera les coureurs sur les routes sinueuses et les villages perch\u00e9s embl\u00e9matiques de la Dr\u00f4me. Parmi les [&hellip;]<\/p>\n","protected":false},"author":1,"featured_media":0,"parent":0,"menu_order":0,"comment_status":"closed","ping_status":"closed","template":"","meta":{"footnotes":""},"class_list":["post-4043","page","type-page","status-publish","hentry"],"_links":{"self":[{"href":"https:\/\/boucles-drome-ardeche.fr\/index.php\/wp-json\/wp\/v2\/pages\/4043","targetHints":{"allow":["GET"]}}],"collection":[{"href":"https:\/\/boucles-drome-ardeche.fr\/index.php\/wp-json\/wp\/v2\/pages"}],"about":[{"href":"https:\/\/boucles-drome-ardeche.fr\/index.php\/wp-json\/wp\/v2\/types\/page"}],"author":[{"embeddable":true,"href":"https:\/\/boucles-drome-ardeche.fr\/index.php\/wp-json\/wp\/v2\/users\/1"}],"replies":[{"embeddable":true,"href":"https:\/\/boucles-drome-ardeche.fr\/index.php\/wp-json\/wp\/v2\/comments?post=4043"}],"version-history":[{"count":3,"href":"https:\/\/boucles-drome-ardeche.fr\/index.php\/wp-json\/wp\/v2\/pages\/4043\/revisions"}],"predecessor-version":[{"id":4438,"href":"https:\/\/boucles-drome-ardeche.fr\/index.php\/wp-json\/wp\/v2\/pages\/4043\/revisions\/4438"}],"wp:attachment":[{"href":"https:\/\/boucles-drome-ardeche.fr\/index.php\/wp-json\/wp\/v2\/media?parent=4043"}],"curies":[{"name":"wp","href":"https:\/\/api.w.org\/{rel}","templated":true}]}}