{"id":4417,"date":"2025-12-09T22:04:53","date_gmt":"2025-12-09T21:04:53","guid":{"rendered":"https:\/\/boucles-drome-ardeche.fr\/?page_id=4417"},"modified":"2025-12-09T22:04:53","modified_gmt":"2025-12-09T21:04:53","slug":"presse-2026","status":"publish","type":"page","link":"https:\/\/boucles-drome-ardeche.fr\/index.php\/presse-2026\/","title":{"rendered":"PRESSE 2026"},"content":{"rendered":"<p>[vc_row][vc_column][vc_column_text]<\/p>\n<h3 style=\"text-align: center;\">Formulaire Accr\u00e9ditation Presse 2026<\/h3>\n<p>[\/vc_column_text]\n<div class=\"wpcf7 no-js\" id=\"wpcf7-f2910-o1\" lang=\"fr-FR\" dir=\"ltr\" data-wpcf7-id=\"2910\">\n<div class=\"screen-reader-response\"><p role=\"status\" aria-live=\"polite\" aria-atomic=\"true\"><\/p> <ul><\/ul><\/div>\n<form action=\"\/index.php\/wp-json\/wp\/v2\/pages\/4417#wpcf7-f2910-o1\" method=\"post\" class=\"wpcf7-form init\" aria-label=\"Formulaire de contact\" novalidate=\"novalidate\" data-status=\"init\">\n<fieldset class=\"hidden-fields-container\"><input type=\"hidden\" name=\"_wpcf7\" value=\"2910\" \/><input type=\"hidden\" name=\"_wpcf7_version\" value=\"6.1.5\" \/><input type=\"hidden\" name=\"_wpcf7_locale\" value=\"fr_FR\" \/><input type=\"hidden\" name=\"_wpcf7_unit_tag\" value=\"wpcf7-f2910-o1\" \/><input type=\"hidden\" name=\"_wpcf7_container_post\" value=\"0\" \/><input type=\"hidden\" name=\"_wpcf7_posted_data_hash\" value=\"\" \/>\n<\/fieldset>\n<p><label> Nom<br \/>\n<span class=\"wpcf7-form-control-wrap\" data-name=\"nom\"><input size=\"50\" maxlength=\"400\" class=\"wpcf7-form-control wpcf7-text wpcf7-validates-as-required\" aria-required=\"true\" aria-invalid=\"false\" placeholder=\"Votre Nom\" value=\"\" type=\"text\" name=\"nom\" \/><\/span><br \/>\n<\/label><br \/>\n<label> Pr\u00e9nom<br \/>\n<span class=\"wpcf7-form-control-wrap\" data-name=\"prenom\"><input size=\"50\" maxlength=\"400\" class=\"wpcf7-form-control wpcf7-text wpcf7-validates-as-required\" aria-required=\"true\" aria-invalid=\"false\" placeholder=\"Votre Pr\u00e9nom\" value=\"\" type=\"text\" name=\"prenom\" \/><\/span><br \/>\n<\/label><br \/>\n<label> Votre adresse mail<br \/>\n<span class=\"wpcf7-form-control-wrap\" data-name=\"mail\"><input size=\"50\" maxlength=\"400\" class=\"wpcf7-form-control wpcf7-email wpcf7-validates-as-required wpcf7-text wpcf7-validates-as-email\" aria-required=\"true\" aria-invalid=\"false\" placeholder=\"Adresse Mail\" value=\"\" type=\"email\" name=\"mail\" \/><\/span><br \/>\n<\/label><br \/>\n<label>Votre Num\u00e9ro de T\u00e9l\u00e9phone<br \/>\n<span class=\"wpcf7-form-control-wrap\" data-name=\"telephone\"><input size=\"40\" maxlength=\"400\" class=\"wpcf7-form-control wpcf7-tel wpcf7-validates-as-required wpcf7-text wpcf7-validates-as-tel\" aria-required=\"true\" aria-invalid=\"false\" value=\"\" type=\"tel\" name=\"telephone\" \/><\/span><br \/>\n<\/label><br \/>\n<label> Nom du M\u00e9dia<br \/>\n<span class=\"wpcf7-form-control-wrap\" data-name=\"media\"><input size=\"50\" maxlength=\"400\" class=\"wpcf7-form-control wpcf7-text wpcf7-validates-as-required\" aria-required=\"true\" aria-invalid=\"false\" placeholder=\"Nom du M\u00e9dia\" value=\"\" type=\"text\" name=\"media\" \/><\/span><br \/>\n<\/label><br \/>\nType de M\u00e9dia<br \/>\n<span class=\"wpcf7-form-control-wrap\" data-name=\"type\"><span class=\"wpcf7-form-control wpcf7-radio\"><span class=\"wpcf7-list-item first\"><label><span class=\"wpcf7-list-item-label\">Photographe<\/span><input type=\"radio\" name=\"type\" value=\"Photographe\" checked=\"checked\" \/><\/label><\/span><span class=\"wpcf7-list-item\"><label><span class=\"wpcf7-list-item-label\">Presse \u00c9crite<\/span><input type=\"radio\" name=\"type\" value=\"Presse \u00c9crite\" \/><\/label><\/span><span class=\"wpcf7-list-item\"><label><span class=\"wpcf7-list-item-label\">TV<\/span><input type=\"radio\" name=\"type\" value=\"TV\" \/><\/label><\/span><span class=\"wpcf7-list-item\"><label><span class=\"wpcf7-list-item-label\">Radio<\/span><input type=\"radio\" name=\"type\" value=\"Radio\" \/><\/label><\/span><span class=\"wpcf7-list-item\"><label><span class=\"wpcf7-list-item-label\">Web<\/span><input type=\"radio\" name=\"type\" value=\"Web\" \/><\/label><\/span><span class=\"wpcf7-list-item last\"><label><span class=\"wpcf7-list-item-label\">Autre<\/span><input type=\"radio\" name=\"type\" value=\"Autre\" \/><\/label><\/span><\/span><\/span>\n<\/p>\n<p><label>Fonction<br \/>\n<span class=\"wpcf7-form-control-wrap\" data-name=\"fonction\"><input size=\"50\" maxlength=\"400\" class=\"wpcf7-form-control wpcf7-text wpcf7-validates-as-required\" aria-required=\"true\" aria-invalid=\"false\" placeholder=\"Votre Fonction\" value=\"\" type=\"text\" name=\"fonction\" \/><\/span><br \/>\n<\/label><br \/>\n<label>Num\u00e9ro de Carte de presse<br \/>\n<span class=\"wpcf7-form-control-wrap\" data-name=\"carte\"><input size=\"40\" maxlength=\"400\" class=\"wpcf7-form-control wpcf7-text\" aria-invalid=\"false\" placeholder=\"Num\u00e9ro de carte\" value=\"\" type=\"text\" name=\"carte\" \/><\/span><br \/>\n<\/label> *En cas d\u2019absence, merci de pr\u00e9ciser votre statut \u00e0 la rubrique \u00ab Remarques particuli\u00e8res \u00bb\n<\/p>\n<p>Pr\u00e9sence sur<br \/>\n<span class=\"wpcf7-form-control-wrap\" data-name=\"courses\"><span class=\"wpcf7-form-control wpcf7-radio\"><span class=\"wpcf7-list-item first\"><label><span class=\"wpcf7-list-item-label\">Les 2 courses<\/span><input type=\"radio\" name=\"courses\" value=\"Les 2 courses\" checked=\"checked\" \/><\/label><\/span><span class=\"wpcf7-list-item\"><label><span class=\"wpcf7-list-item-label\">Faun Ard\u00e8che Seulement<\/span><input type=\"radio\" name=\"courses\" value=\"Faun Ard\u00e8che Seulement\" \/><\/label><\/span><span class=\"wpcf7-list-item last\"><label><span class=\"wpcf7-list-item-label\">Faun Drome Seulement<\/span><input type=\"radio\" name=\"courses\" value=\"Faun Drome Seulement\" \/><\/label><\/span><\/span><\/span>\n<\/p>\n<p>V\u00e9hicule \u00e0 l'\u00e9chelon course<br \/>\n<span class=\"wpcf7-form-control-wrap\" data-name=\"vehicule\"><span class=\"wpcf7-form-control wpcf7-radio\"><span class=\"wpcf7-list-item first\"><label><span class=\"wpcf7-list-item-label\">Voiture<\/span><input type=\"radio\" name=\"vehicule\" value=\"Voiture\" checked=\"checked\" \/><\/label><\/span><span class=\"wpcf7-list-item\"><label><span class=\"wpcf7-list-item-label\">Moto<\/span><input type=\"radio\" name=\"vehicule\" value=\"Moto\" \/><\/label><\/span><span class=\"wpcf7-list-item last\"><label><span class=\"wpcf7-list-item-label\">Aucun<\/span><input type=\"radio\" name=\"vehicule\" value=\"Aucun\" \/><\/label><\/span><\/span><\/span>\n<\/p>\n<p><label>Immatriculation du v\u00e9hicule<br \/>\n<span class=\"wpcf7-form-control-wrap\" data-name=\"immatriculation\"><input size=\"40\" maxlength=\"400\" class=\"wpcf7-form-control wpcf7-text\" aria-invalid=\"false\" placeholder=\"Num\u00e9ro d&#039;Imatriculation\" value=\"\" type=\"text\" name=\"immatriculation\" \/><\/span><br \/>\n<\/label><br \/>\n<label>Nom du Pilote et N\u00b0 de Licence FFC<br \/>\n<span class=\"wpcf7-form-control-wrap\" data-name=\"pilote\"><input size=\"50\" maxlength=\"400\" class=\"wpcf7-form-control wpcf7-text\" aria-invalid=\"false\" placeholder=\"Nom et num\u00e9ro\" value=\"\" type=\"text\" name=\"pilote\" \/><\/span><br \/>\n<\/label><br \/>\nPlace en Salle de Presse<br \/>\n<span class=\"wpcf7-form-control-wrap\" data-name=\"salle\"><span class=\"wpcf7-form-control wpcf7-radio\"><span class=\"wpcf7-list-item first\"><label><span class=\"wpcf7-list-item-label\">Oui<\/span><input type=\"radio\" name=\"salle\" value=\"Oui\" checked=\"checked\" \/><\/label><\/span><span class=\"wpcf7-list-item last\"><label><span class=\"wpcf7-list-item-label\">Non<\/span><input type=\"radio\" name=\"salle\" value=\"Non\" \/><\/label><\/span><\/span><\/span><br \/>\nConnexion Internet<br \/>\n<span class=\"wpcf7-form-control-wrap\" data-name=\"internet\"><span class=\"wpcf7-form-control wpcf7-radio\"><span class=\"wpcf7-list-item first\"><label><span class=\"wpcf7-list-item-label\">Oui<\/span><input type=\"radio\" name=\"internet\" value=\"Oui\" checked=\"checked\" \/><\/label><\/span><span class=\"wpcf7-list-item last\"><label><span class=\"wpcf7-list-item-label\">Non<\/span><input type=\"radio\" name=\"internet\" value=\"Non\" \/><\/label><\/span><\/span><\/span><br \/>\n<label>Remarques Particuli\u00e8res<br \/>\n<span class=\"wpcf7-form-control-wrap\" data-name=\"remarques\"><textarea cols=\"40\" rows=\"10\" maxlength=\"2000\" class=\"wpcf7-form-control wpcf7-textarea\" aria-invalid=\"false\" placeholder=\"Remarques\" name=\"remarques\"><\/textarea><\/span><br \/>\n<\/label>\n<\/p>\n<p><span class=\"wpcf7-form-control-wrap\" data-name=\"reglement\"><span class=\"wpcf7-form-control wpcf7-checkbox wpcf7-validates-as-required\"><span class=\"wpcf7-list-item first last\"><label><span class=\"wpcf7-list-item-label\">J&#039;ai pris Connaissance du r\u00e8glement ci dessous<\/span><input type=\"checkbox\" name=\"reglement[]\" value=\"J&#039;ai pris Connaissance du r\u00e8glement ci dessous\" \/><\/label><\/span><\/span><\/span>\n<\/p>\n<p><input class=\"wpcf7-form-control wpcf7-submit has-spinner\" type=\"submit\" value=\"Envoyer\" \/>\n<\/p><div class=\"wpcf7-response-output\" aria-hidden=\"true\"><\/div>\n<\/form>\n<\/div>\n[\/vc_column][\/vc_row][vc_row][vc_column width=&#8221;1\/3&#8243;][\/vc_column][vc_column width=&#8221;1\/3&#8243;][\/vc_column][\/vc_row][vc_row][vc_column][vc_column_text]Les infos pratiques m\u00e9dias (adresses et horaires salles de presse, retrait des accr\u00e9ditations, parkings,\u00a0 etc) seront envoy\u00e9es apr\u00e8s acceptation de la demande d&#8217;accr\u00e9ditation.<br \/>\nContact presse :<br \/>\nC\u00e9line Combier<br \/>\nT\u00e9l. +33(0)6 72 70 56 75<\/p>\n<p>Mail : celine@ypmedias.com[\/vc_column_text][vc_empty_space][\/vc_column][\/vc_row][vc_row][vc_column][vc_column_text]<\/p>\n<h4><strong>R\u00e9glementation Accr\u00e9ditation presse:<\/strong><\/h4>\n<p>&#8211; Toute demande d\u2019accr\u00e9ditation est soumise \u00e0 l\u2019accord de la direction de l\u2019\u00e9preuve.<br \/>\n&#8211; Le dossier de presse et les modalit\u00e9s de retrait de votre accr\u00e9ditation vous seront communiqu\u00e9s simultan\u00e9ment au retour favorable de l\u2019organisation de l\u2019\u00e9preuve.<br \/>\n&#8211; Le nombre de place dans le v\u00e9hicule presse ainsi que le nombre de v\u00e9hicules autoris\u00e9s \u00e0 acc\u00e9der \u00e0 l\u2019\u00e9chelon course \u00e9tant limit\u00e9, la priorit\u00e9 sera donn\u00e9e aux partenaires m\u00e9dias de l\u2019\u00e9preuve, les autorisations suivantes \u00e9tant donn\u00e9 par l\u2019organisation.<br \/>\n&#8211; Toute accr\u00e9ditation est personnelle et ne peut \u00eatre transmise.<br \/>\n&#8211; La direction de l\u2019\u00e9preuve et le jury se r\u00e9servent le droit de retirer une accr\u00e9ditation en cas de non respect des consignes et r\u00e9glementations.<br \/>\n&#8211; Pr\u00e9cisez si votre demande concerne les 2 \u00e9preuves<br \/>\n&#8211; La date limite de demande d&#8217;accr\u00e9ditation est le Dimanche 22 f\u00e9vrier 2026.[\/vc_column_text][\/vc_column][\/vc_row][vc_row][vc_column][\/vc_column][\/vc_row]<\/p>\n","protected":false},"excerpt":{"rendered":"<p>[vc_row][vc_column][vc_column_text] Formulaire Accr\u00e9ditation Presse 2026 [\/vc_column_text][\/vc_column][\/vc_row][vc_row][vc_column width=&#8221;1\/3&#8243;][\/vc_column][vc_column width=&#8221;1\/3&#8243;][\/vc_column][\/vc_row][vc_row][vc_column][vc_column_text]Les infos pratiques m\u00e9dias (adresses et horaires salles de presse, retrait des accr\u00e9ditations, parkings,\u00a0 etc) seront envoy\u00e9es apr\u00e8s acceptation de la demande d&#8217;accr\u00e9ditation. Contact presse : C\u00e9line Combier T\u00e9l. +33(0)6 72 70 56 75 Mail : celine@ypmedias.com[\/vc_column_text][vc_empty_space][\/vc_column][\/vc_row][vc_row][vc_column][vc_column_text] R\u00e9glementation Accr\u00e9ditation presse: &#8211; Toute demande d\u2019accr\u00e9ditation est soumise \u00e0 l\u2019accord [&hellip;]<\/p>\n","protected":false},"author":1,"featured_media":0,"parent":0,"menu_order":0,"comment_status":"closed","ping_status":"closed","template":"","meta":{"footnotes":""},"class_list":["post-4417","page","type-page","status-publish","hentry"],"_links":{"self":[{"href":"https:\/\/boucles-drome-ardeche.fr\/index.php\/wp-json\/wp\/v2\/pages\/4417","targetHints":{"allow":["GET"]}}],"collection":[{"href":"https:\/\/boucles-drome-ardeche.fr\/index.php\/wp-json\/wp\/v2\/pages"}],"about":[{"href":"https:\/\/boucles-drome-ardeche.fr\/index.php\/wp-json\/wp\/v2\/types\/page"}],"author":[{"embeddable":true,"href":"https:\/\/boucles-drome-ardeche.fr\/index.php\/wp-json\/wp\/v2\/users\/1"}],"replies":[{"embeddable":true,"href":"https:\/\/boucles-drome-ardeche.fr\/index.php\/wp-json\/wp\/v2\/comments?post=4417"}],"version-history":[{"count":1,"href":"https:\/\/boucles-drome-ardeche.fr\/index.php\/wp-json\/wp\/v2\/pages\/4417\/revisions"}],"predecessor-version":[{"id":4418,"href":"https:\/\/boucles-drome-ardeche.fr\/index.php\/wp-json\/wp\/v2\/pages\/4417\/revisions\/4418"}],"wp:attachment":[{"href":"https:\/\/boucles-drome-ardeche.fr\/index.php\/wp-json\/wp\/v2\/media?parent=4417"}],"curies":[{"name":"wp","href":"https:\/\/api.w.org\/{rel}","templated":true}]}}